{"id":41,"date":"2025-02-06T13:54:34","date_gmt":"2025-02-06T13:54:34","guid":{"rendered":"https:\/\/delphintravel.be\/?page_id=41"},"modified":"2025-02-06T13:54:38","modified_gmt":"2025-02-06T13:54:38","slug":"auteurs","status":"publish","type":"page","link":"https:\/\/delphintravel.be\/ro\/auteurs\/","title":{"rendered":"Autori"},"content":{"rendered":"","protected":false},"excerpt":{"rendered":"","protected":false},"author":1,"featured_media":0,"parent":0,"menu_order":0,"comment_status":"closed","ping_status":"closed","template":"","meta":{"_acf_changed":false,"footnotes":""},"class_list":["post-41","page","type-page","status-publish","hentry"],"acf":[],"yoast_head":"<!-- This site is optimized with the Yoast SEO plugin v23.2 - https:\/\/yoast.com\/wordpress\/plugins\/seo\/ -->\n<title>Auteurs - delphintravel.be<\/title>\n<meta name=\"description\" content=\"D\u00e9couvrez les auteurs passionn\u00e9s derri\u00e8re notre blog mode. Experts, stylistes et passionn\u00e9s de tendances partagent leurs inspirations et conseils.\" \/>\n<meta name=\"robots\" content=\"index, follow, max-snippet:-1, max-image-preview:large, max-video-preview:-1\" \/>\n<link rel=\"canonical\" href=\"https:\/\/delphintravel.be\/ro\/auteurs\/\" \/>\n<meta property=\"og:locale\" content=\"ro_RO\" \/>\n<meta property=\"og:type\" content=\"article\" \/>\n<meta property=\"og:title\" content=\"Auteurs - delphintravel.be\" \/>\n<meta property=\"og:description\" content=\"D\u00e9couvrez les auteurs passionn\u00e9s derri\u00e8re notre blog mode. Experts, stylistes et passionn\u00e9s de tendances partagent leurs inspirations et conseils.\" \/>\n<meta property=\"og:url\" content=\"https:\/\/delphintravel.be\/ro\/auteurs\/\" \/>\n<meta property=\"og:site_name\" content=\"delphintravel.be\" \/>\n<meta property=\"article:modified_time\" content=\"2025-02-06T13:54:38+00:00\" \/>\n<meta name=\"twitter:card\" content=\"summary_large_image\" \/>\n<meta name=\"twitter:label1\" content=\"Timp estimat pentru citire\" \/>\n\t<meta name=\"twitter:data1\" content=\"1 minut\" \/>\n<script type=\"application\/ld+json\" class=\"yoast-schema-graph\">{\"@context\":\"https:\/\/schema.org\",\"@graph\":[{\"@type\":\"WebPage\",\"@id\":\"https:\/\/delphintravel.be\/auteurs\/\",\"url\":\"https:\/\/delphintravel.be\/auteurs\/\",\"name\":\"Auteurs - delphintravel.be\",\"isPartOf\":{\"@id\":\"https:\/\/delphintravel.be\/#website\"},\"datePublished\":\"2025-02-06T13:54:34+00:00\",\"dateModified\":\"2025-02-06T13:54:38+00:00\",\"description\":\"D\u00e9couvrez les auteurs passionn\u00e9s derri\u00e8re notre blog mode. Experts, stylistes et passionn\u00e9s de tendances partagent leurs inspirations et conseils.\",\"breadcrumb\":{\"@id\":\"https:\/\/delphintravel.be\/auteurs\/#breadcrumb\"},\"inLanguage\":\"ro-RO\",\"potentialAction\":[{\"@type\":\"ReadAction\",\"target\":[\"https:\/\/delphintravel.be\/auteurs\/\"]}]},{\"@type\":\"BreadcrumbList\",\"@id\":\"https:\/\/delphintravel.be\/auteurs\/#breadcrumb\",\"itemListElement\":[{\"@type\":\"ListItem\",\"position\":1,\"name\":\"Home\",\"item\":\"https:\/\/delphintravel.be\/\"},{\"@type\":\"ListItem\",\"position\":2,\"name\":\"Auteurs\"}]},{\"@type\":\"WebSite\",\"@id\":\"https:\/\/delphintravel.be\/#website\",\"url\":\"https:\/\/delphintravel.be\/\",\"name\":\"delphintravel.be\",\"description\":\"L&#039;Essentiel de la Mode | Restez \u00e9l\u00e9gants gr\u00e2ce \u00e0 nos conseils\",\"potentialAction\":[{\"@type\":\"SearchAction\",\"target\":{\"@type\":\"EntryPoint\",\"urlTemplate\":\"https:\/\/delphintravel.be\/?s={search_term_string}\"},\"query-input\":\"required name=search_term_string\"}],\"inLanguage\":\"ro-RO\"}]}<\/script>\n<!-- \/ Yoast SEO plugin. -->","yoast_head_json":{"title":"Auteurs - delphintravel.be","description":"D\u00e9couvrez les auteurs passionn\u00e9s derri\u00e8re notre blog mode. Experts, stylistes et passionn\u00e9s de tendances partagent leurs inspirations et conseils.","robots":{"index":"index","follow":"follow","max-snippet":"max-snippet:-1","max-image-preview":"max-image-preview:large","max-video-preview":"max-video-preview:-1"},"canonical":"https:\/\/delphintravel.be\/ro\/auteurs\/","og_locale":"ro_RO","og_type":"article","og_title":"Auteurs - delphintravel.be","og_description":"D\u00e9couvrez les auteurs passionn\u00e9s derri\u00e8re notre blog mode. Experts, stylistes et passionn\u00e9s de tendances partagent leurs inspirations et conseils.","og_url":"https:\/\/delphintravel.be\/ro\/auteurs\/","og_site_name":"delphintravel.be","article_modified_time":"2025-02-06T13:54:38+00:00","twitter_card":"summary_large_image","twitter_misc":{"Timp estimat pentru citire":"1 minut"},"schema":{"@context":"https:\/\/schema.org","@graph":[{"@type":"WebPage","@id":"https:\/\/delphintravel.be\/auteurs\/","url":"https:\/\/delphintravel.be\/auteurs\/","name":"Auteurs - delphintravel.be","isPartOf":{"@id":"https:\/\/delphintravel.be\/#website"},"datePublished":"2025-02-06T13:54:34+00:00","dateModified":"2025-02-06T13:54:38+00:00","description":"D\u00e9couvrez les auteurs passionn\u00e9s derri\u00e8re notre blog mode. Experts, stylistes et passionn\u00e9s de tendances partagent leurs inspirations et conseils.","breadcrumb":{"@id":"https:\/\/delphintravel.be\/auteurs\/#breadcrumb"},"inLanguage":"ro-RO","potentialAction":[{"@type":"ReadAction","target":["https:\/\/delphintravel.be\/auteurs\/"]}]},{"@type":"BreadcrumbList","@id":"https:\/\/delphintravel.be\/auteurs\/#breadcrumb","itemListElement":[{"@type":"ListItem","position":1,"name":"Home","item":"https:\/\/delphintravel.be\/"},{"@type":"ListItem","position":2,"name":"Auteurs"}]},{"@type":"WebSite","@id":"https:\/\/delphintravel.be\/#website","url":"https:\/\/delphintravel.be\/","name":"delphintravel.be","description":"L&#039;Essentiel de la Mode | Restez \u00e9l\u00e9gants gr\u00e2ce \u00e0 nos conseils","potentialAction":[{"@type":"SearchAction","target":{"@type":"EntryPoint","urlTemplate":"https:\/\/delphintravel.be\/?s={search_term_string}"},"query-input":"required name=search_term_string"}],"inLanguage":"ro-RO"}]}},"yoast_meta":{"yoast_wpseo_title":"","yoast_wpseo_metadesc":"","yoast_wpseo_canonical":"https:\/\/delphintravel.be\/ro\/wp-json\/wp\/v2\/pages\/41"},"_links":{"self":[{"href":"https:\/\/delphintravel.be\/ro\/wp-json\/wp\/v2\/pages\/41","targetHints":{"allow":["GET"]}}],"collection":[{"href":"https:\/\/delphintravel.be\/ro\/wp-json\/wp\/v2\/pages"}],"about":[{"href":"https:\/\/delphintravel.be\/ro\/wp-json\/wp\/v2\/types\/page"}],"author":[{"embeddable":true,"href":"https:\/\/delphintravel.be\/ro\/wp-json\/wp\/v2\/users\/1"}],"replies":[{"embeddable":true,"href":"https:\/\/delphintravel.be\/ro\/wp-json\/wp\/v2\/comments?post=41"}],"version-history":[{"count":1,"href":"https:\/\/delphintravel.be\/ro\/wp-json\/wp\/v2\/pages\/41\/revisions"}],"predecessor-version":[{"id":46,"href":"https:\/\/delphintravel.be\/ro\/wp-json\/wp\/v2\/pages\/41\/revisions\/46"}],"wp:attachment":[{"href":"https:\/\/delphintravel.be\/ro\/wp-json\/wp\/v2\/media?parent=41"}],"curies":[{"name":"wp","href":"https:\/\/api.w.org\/{rel}","templated":true}]}}