{"id":37,"date":"2025-02-06T09:31:28","date_gmt":"2025-02-06T09:31:28","guid":{"rendered":"https:\/\/delphintravel.be\/contacts\/"},"modified":"2025-02-06T09:31:28","modified_gmt":"2025-02-06T09:31:28","slug":"contacts","status":"publish","type":"page","link":"https:\/\/delphintravel.be\/ro\/contacts\/","title":{"rendered":"Contacte"},"content":{"rendered":"<p>Ne-ar pl\u0103cea s\u0103 primim \u00eentreb\u0103rile, sugestiile \u0219i comentariile dumneavoastr\u0103. La DelphinTravel, ne punem pe primul loc s\u0103 v\u0103 oferim produse moderne \u0219i de calitate. Nu ezita\u021bi s\u0103 ne contacta\u021bi!<\/p>\n<h2>Trimite\u021bi-ne un e-mail<\/h2>\n<p>Pentru orice \u00eentreb\u0103ri, sugestii sau solicit\u0103ri, v\u0103 rug\u0103m s\u0103 ne contacta\u021bi la urm\u0103toarea adres\u0103:<\/p>\n<p><a href=\"mailto:contact@delphintravel.be\">contact@delphintravel.be<\/a><\/p>\n<h2>Formular de feedback<\/h2>\n<p>Acord\u0103m o mare importan\u021b\u0103 feedback-ului dumneavoastr\u0103. V\u0103 rug\u0103m s\u0103 completa\u021bi formularul de mai jos pentru a ne \u00eemp\u0103rt\u0103\u0219i ideile \u0219i sugestiile dumneavoastr\u0103.<\/p>\n<form action=\"\/ro\/submit_form\/\" method=\"POST\" data-trp-original-action=\"\/submit_form\">\n            <label for=\"name\">Nume:<\/label><br \/>\n            <input type=\"text\" id=\"name\" name=\"name\" required><\/p>\n<p>            <label for=\"email\">E-mail:<\/label><br \/>\n            <input type=\"email\" id=\"email\" name=\"email\" required><\/p>\n<p>            <label for=\"message\">Mesajul dvs :<\/label><br \/>\n            <textarea id=\"message\" name=\"message\" rows=\"4\" required><\/textarea><\/p>\n<p>            <button type=\"submit\">Trimite<\/button><br \/>\n        <input type=\"hidden\" name=\"trp-form-language\" value=\"ro\"\/><\/form>","protected":false},"excerpt":{"rendered":"<p>Nous serions ravis de recevoir vos questions, suggestions et commentaires. Chez DelphinTravel, nous mettons un point d&rsquo;honneur \u00e0 vous offrir des produits tendance et&#46;&#46;&#46;<\/p>","protected":false},"author":1,"featured_media":0,"parent":0,"menu_order":0,"comment_status":"closed","ping_status":"closed","template":"","meta":{"_acf_changed":false,"footnotes":""},"class_list":["post-37","page","type-page","status-publish","hentry"],"acf":[],"yoast_head":"<!-- This site is optimized with the Yoast SEO plugin v23.2 - https:\/\/yoast.com\/wordpress\/plugins\/seo\/ -->\n<title>Contacts - delphintravel.be<\/title>\n<meta name=\"robots\" content=\"index, follow, max-snippet:-1, max-image-preview:large, max-video-preview:-1\" \/>\n<link rel=\"canonical\" href=\"https:\/\/delphintravel.be\/ro\/contacts\/\" \/>\n<meta property=\"og:locale\" content=\"ro_RO\" \/>\n<meta property=\"og:type\" content=\"article\" \/>\n<meta property=\"og:title\" content=\"Contacts - delphintravel.be\" \/>\n<meta property=\"og:description\" content=\"Nous serions ravis de recevoir vos questions, suggestions et commentaires. Chez DelphinTravel, nous mettons un point d&rsquo;honneur \u00e0 vous offrir des produits tendance et&#046;&#046;&#046;\" \/>\n<meta property=\"og:url\" content=\"https:\/\/delphintravel.be\/ro\/contacts\/\" \/>\n<meta property=\"og:site_name\" content=\"delphintravel.be\" \/>\n<meta name=\"twitter:card\" content=\"summary_large_image\" \/>\n<script type=\"application\/ld+json\" class=\"yoast-schema-graph\">{\"@context\":\"https:\/\/schema.org\",\"@graph\":[{\"@type\":\"WebPage\",\"@id\":\"https:\/\/delphintravel.be\/contacts\/\",\"url\":\"https:\/\/delphintravel.be\/contacts\/\",\"name\":\"Contacts - delphintravel.be\",\"isPartOf\":{\"@id\":\"https:\/\/delphintravel.be\/#website\"},\"datePublished\":\"2025-02-06T09:31:28+00:00\",\"dateModified\":\"2025-02-06T09:31:28+00:00\",\"breadcrumb\":{\"@id\":\"https:\/\/delphintravel.be\/contacts\/#breadcrumb\"},\"inLanguage\":\"ro-RO\",\"potentialAction\":[{\"@type\":\"ReadAction\",\"target\":[\"https:\/\/delphintravel.be\/contacts\/\"]}]},{\"@type\":\"BreadcrumbList\",\"@id\":\"https:\/\/delphintravel.be\/contacts\/#breadcrumb\",\"itemListElement\":[{\"@type\":\"ListItem\",\"position\":1,\"name\":\"Home\",\"item\":\"https:\/\/delphintravel.be\/\"},{\"@type\":\"ListItem\",\"position\":2,\"name\":\"Contacts\"}]},{\"@type\":\"WebSite\",\"@id\":\"https:\/\/delphintravel.be\/#website\",\"url\":\"https:\/\/delphintravel.be\/\",\"name\":\"delphintravel.be\",\"description\":\"L&#039;Essentiel de la Mode | Restez \u00e9l\u00e9gants gr\u00e2ce \u00e0 nos conseils\",\"potentialAction\":[{\"@type\":\"SearchAction\",\"target\":{\"@type\":\"EntryPoint\",\"urlTemplate\":\"https:\/\/delphintravel.be\/?s={search_term_string}\"},\"query-input\":\"required name=search_term_string\"}],\"inLanguage\":\"ro-RO\"}]}<\/script>\n<!-- \/ Yoast SEO plugin. -->","yoast_head_json":{"title":"Contacts - delphintravel.be","robots":{"index":"index","follow":"follow","max-snippet":"max-snippet:-1","max-image-preview":"max-image-preview:large","max-video-preview":"max-video-preview:-1"},"canonical":"https:\/\/delphintravel.be\/ro\/contacts\/","og_locale":"ro_RO","og_type":"article","og_title":"Contacts - delphintravel.be","og_description":"Nous serions ravis de recevoir vos questions, suggestions et commentaires. Chez DelphinTravel, nous mettons un point d&rsquo;honneur \u00e0 vous offrir des produits tendance et&#46;&#46;&#46;","og_url":"https:\/\/delphintravel.be\/ro\/contacts\/","og_site_name":"delphintravel.be","twitter_card":"summary_large_image","schema":{"@context":"https:\/\/schema.org","@graph":[{"@type":"WebPage","@id":"https:\/\/delphintravel.be\/contacts\/","url":"https:\/\/delphintravel.be\/contacts\/","name":"Contacts - delphintravel.be","isPartOf":{"@id":"https:\/\/delphintravel.be\/#website"},"datePublished":"2025-02-06T09:31:28+00:00","dateModified":"2025-02-06T09:31:28+00:00","breadcrumb":{"@id":"https:\/\/delphintravel.be\/contacts\/#breadcrumb"},"inLanguage":"ro-RO","potentialAction":[{"@type":"ReadAction","target":["https:\/\/delphintravel.be\/contacts\/"]}]},{"@type":"BreadcrumbList","@id":"https:\/\/delphintravel.be\/contacts\/#breadcrumb","itemListElement":[{"@type":"ListItem","position":1,"name":"Home","item":"https:\/\/delphintravel.be\/"},{"@type":"ListItem","position":2,"name":"Contacts"}]},{"@type":"WebSite","@id":"https:\/\/delphintravel.be\/#website","url":"https:\/\/delphintravel.be\/","name":"delphintravel.be","description":"L&#039;Essentiel de la Mode | Restez \u00e9l\u00e9gants gr\u00e2ce \u00e0 nos conseils","potentialAction":[{"@type":"SearchAction","target":{"@type":"EntryPoint","urlTemplate":"https:\/\/delphintravel.be\/?s={search_term_string}"},"query-input":"required name=search_term_string"}],"inLanguage":"ro-RO"}]}},"yoast_meta":{"yoast_wpseo_title":"","yoast_wpseo_metadesc":"","yoast_wpseo_canonical":"https:\/\/delphintravel.be\/ro\/wp-json\/wp\/v2\/pages\/37"},"_links":{"self":[{"href":"https:\/\/delphintravel.be\/ro\/wp-json\/wp\/v2\/pages\/37","targetHints":{"allow":["GET"]}}],"collection":[{"href":"https:\/\/delphintravel.be\/ro\/wp-json\/wp\/v2\/pages"}],"about":[{"href":"https:\/\/delphintravel.be\/ro\/wp-json\/wp\/v2\/types\/page"}],"author":[{"embeddable":true,"href":"https:\/\/delphintravel.be\/ro\/wp-json\/wp\/v2\/users\/1"}],"replies":[{"embeddable":true,"href":"https:\/\/delphintravel.be\/ro\/wp-json\/wp\/v2\/comments?post=37"}],"version-history":[{"count":0,"href":"https:\/\/delphintravel.be\/ro\/wp-json\/wp\/v2\/pages\/37\/revisions"}],"wp:attachment":[{"href":"https:\/\/delphintravel.be\/ro\/wp-json\/wp\/v2\/media?parent=37"}],"curies":[{"name":"wp","href":"https:\/\/api.w.org\/{rel}","templated":true}]}}