{"id":36,"date":"2025-02-06T09:31:26","date_gmt":"2025-02-06T09:31:26","guid":{"rendered":"https:\/\/delphintravel.be\/a-propos-de-nous\/"},"modified":"2025-02-06T13:54:05","modified_gmt":"2025-02-06T13:54:05","slug":"a-propos-de-nous","status":"publish","type":"page","link":"https:\/\/delphintravel.be\/ro\/a-propos-de-nous\/","title":{"rendered":"Despre noi"},"content":{"rendered":"<p>Bine a\u021bi venit la <strong>DelphinTravel<\/strong>, un spa\u021biu dedicat \u00een \u00eentregime modei, \u00eembr\u0103c\u0103mintei \u0219i tendin\u021belor care modeleaz\u0103 lumea stilului. Aici, \u00eemp\u0103rt\u0103\u0219im cu pasiune articole exclusive despre elegan\u021b\u0103, pr\u00eat-\u00e0-porter \u0219i inspira\u021bie din toate col\u021burile lumii.<\/p>\n<p><img loading=\"lazy\" decoding=\"async\" class=\"aligncenter wp-image-35 size-full\" src=\"https:\/\/delphintravel.be\/wp-content\/uploads\/2025\/02\/happy-wife-after-shopping.jpg\" alt=\"\" width=\"612\" height=\"344\" srcset=\"https:\/\/delphintravel.be\/wp-content\/uploads\/2025\/02\/happy-wife-after-shopping.jpg 612w, https:\/\/delphintravel.be\/wp-content\/uploads\/2025\/02\/happy-wife-after-shopping-300x169.jpg 300w, https:\/\/delphintravel.be\/wp-content\/uploads\/2025\/02\/happy-wife-after-shopping-107x60.jpg 107w\" sizes=\"auto, (max-width: 612px) 100vw, 612px\" \/><\/p>\n<h2>Ce ve\u021bi g\u0103si la noi<\/h2>\n<p>Blogul nostru este conceput pentru iubitorii de mod\u0103, fie c\u0103 sunte\u021bi pasiona\u021bi de cele mai recente colec\u021bii sau c\u0103uta\u021bi sfaturi pentru a v\u0103 rafina stilul.<\/p>\n<ul>\n<li>Analiza tendin\u021belor actuale \u0219i emergente<\/li>\n<li>Sfaturi pentru alegerea hainelor \u0219i accesoriilor<\/li>\n<li>Interviuri exclusive cu designeri de mod\u0103 \u0219i influenceri<\/li>\n<li>Ghiduri practice pentru a crea look-uri unice<\/li>\n<li>Concentrare pe m\u0103rci inovatoare \u0219i eco-responsabile<\/li>\n<\/ul>\n<h2>Angajamentul nostru<\/h2>\n<p>Credem c\u0103 moda este mai mult dec\u00e2t o simpl\u0103 aparen\u021b\u0103: este un mijloc de exprimare, o reflectare a personalit\u0103\u021bii \u0219i o art\u0103 \u00een continu\u0103 evolu\u021bie. Prin articolele noastre, eviden\u021biem stiluri \u0219i inspira\u021bii variate, accesibile tuturor.<\/p>\n<p>Exploreaz\u0103 blogul nostru \u0219i cufund\u0103-te \u00een lumea fascinant\u0103 a modei al\u0103turi de <strong>DelphinTravel<\/strong> !<\/p>","protected":false},"excerpt":{"rendered":"<p>Bienvenue sur DelphinTravel, un espace enti\u00e8rement consacr\u00e9 \u00e0 la mode, aux v\u00eatements et aux tendances qui fa\u00e7onnent le monde du style. Ici, nous partageons&#46;&#46;&#46;<\/p>","protected":false},"author":1,"featured_media":0,"parent":0,"menu_order":0,"comment_status":"closed","ping_status":"closed","template":"","meta":{"_acf_changed":false,"footnotes":""},"class_list":["post-36","page","type-page","status-publish","hentry"],"acf":[],"yoast_head":"<!-- This site is optimized with the Yoast SEO plugin v23.2 - https:\/\/yoast.com\/wordpress\/plugins\/seo\/ -->\n<title>\u00c0 propos de nous - delphintravel.be<\/title>\n<meta name=\"description\" content=\"D\u00e9couvrez DelphinTravel, un blog d\u00e9di\u00e9 \u00e0 la mode et aux tendances. Articles exclusifs sur v\u00eatements, style et inspirations du moment.\" \/>\n<meta name=\"robots\" content=\"index, follow, max-snippet:-1, max-image-preview:large, max-video-preview:-1\" \/>\n<link rel=\"canonical\" href=\"https:\/\/delphintravel.be\/ro\/a-propos-de-nous\/\" \/>\n<meta property=\"og:locale\" content=\"ro_RO\" \/>\n<meta property=\"og:type\" content=\"article\" \/>\n<meta property=\"og:title\" content=\"\u00c0 propos de nous - delphintravel.be\" \/>\n<meta property=\"og:description\" content=\"D\u00e9couvrez DelphinTravel, un blog d\u00e9di\u00e9 \u00e0 la mode et aux tendances. Articles exclusifs sur v\u00eatements, style et inspirations du moment.\" \/>\n<meta property=\"og:url\" content=\"https:\/\/delphintravel.be\/ro\/a-propos-de-nous\/\" \/>\n<meta property=\"og:site_name\" content=\"delphintravel.be\" \/>\n<meta property=\"article:modified_time\" content=\"2025-02-06T13:54:05+00:00\" \/>\n<meta property=\"og:image\" content=\"https:\/\/delphintravel.be\/wp-content\/uploads\/2025\/02\/happy-wife-after-shopping.jpg\" \/>\n<meta name=\"twitter:card\" content=\"summary_large_image\" \/>\n<meta name=\"twitter:label1\" content=\"Timp estimat pentru citire\" \/>\n\t<meta name=\"twitter:data1\" content=\"2 minute\" \/>\n<script type=\"application\/ld+json\" class=\"yoast-schema-graph\">{\"@context\":\"https:\/\/schema.org\",\"@graph\":[{\"@type\":\"WebPage\",\"@id\":\"https:\/\/delphintravel.be\/a-propos-de-nous\/\",\"url\":\"https:\/\/delphintravel.be\/a-propos-de-nous\/\",\"name\":\"\u00c0 propos de nous - delphintravel.be\",\"isPartOf\":{\"@id\":\"https:\/\/delphintravel.be\/#website\"},\"primaryImageOfPage\":{\"@id\":\"https:\/\/delphintravel.be\/a-propos-de-nous\/#primaryimage\"},\"image\":{\"@id\":\"https:\/\/delphintravel.be\/a-propos-de-nous\/#primaryimage\"},\"thumbnailUrl\":\"https:\/\/delphintravel.be\/wp-content\/uploads\/2025\/02\/happy-wife-after-shopping.jpg\",\"datePublished\":\"2025-02-06T09:31:26+00:00\",\"dateModified\":\"2025-02-06T13:54:05+00:00\",\"description\":\"D\u00e9couvrez DelphinTravel, un blog d\u00e9di\u00e9 \u00e0 la mode et aux tendances. Articles exclusifs sur v\u00eatements, style et inspirations du moment.\",\"breadcrumb\":{\"@id\":\"https:\/\/delphintravel.be\/a-propos-de-nous\/#breadcrumb\"},\"inLanguage\":\"ro-RO\",\"potentialAction\":[{\"@type\":\"ReadAction\",\"target\":[\"https:\/\/delphintravel.be\/a-propos-de-nous\/\"]}]},{\"@type\":\"ImageObject\",\"inLanguage\":\"ro-RO\",\"@id\":\"https:\/\/delphintravel.be\/a-propos-de-nous\/#primaryimage\",\"url\":\"https:\/\/delphintravel.be\/wp-content\/uploads\/2025\/02\/happy-wife-after-shopping.jpg\",\"contentUrl\":\"https:\/\/delphintravel.be\/wp-content\/uploads\/2025\/02\/happy-wife-after-shopping.jpg\"},{\"@type\":\"BreadcrumbList\",\"@id\":\"https:\/\/delphintravel.be\/a-propos-de-nous\/#breadcrumb\",\"itemListElement\":[{\"@type\":\"ListItem\",\"position\":1,\"name\":\"Home\",\"item\":\"https:\/\/delphintravel.be\/\"},{\"@type\":\"ListItem\",\"position\":2,\"name\":\"\u00c0 propos de nous\"}]},{\"@type\":\"WebSite\",\"@id\":\"https:\/\/delphintravel.be\/#website\",\"url\":\"https:\/\/delphintravel.be\/\",\"name\":\"delphintravel.be\",\"description\":\"L&#039;Essentiel de la Mode | Restez \u00e9l\u00e9gants gr\u00e2ce \u00e0 nos conseils\",\"potentialAction\":[{\"@type\":\"SearchAction\",\"target\":{\"@type\":\"EntryPoint\",\"urlTemplate\":\"https:\/\/delphintravel.be\/?s={search_term_string}\"},\"query-input\":\"required name=search_term_string\"}],\"inLanguage\":\"ro-RO\"}]}<\/script>\n<!-- \/ Yoast SEO plugin. -->","yoast_head_json":{"title":"\u00c0 propos de nous - delphintravel.be","description":"D\u00e9couvrez DelphinTravel, un blog d\u00e9di\u00e9 \u00e0 la mode et aux tendances. Articles exclusifs sur v\u00eatements, style et inspirations du moment.","robots":{"index":"index","follow":"follow","max-snippet":"max-snippet:-1","max-image-preview":"max-image-preview:large","max-video-preview":"max-video-preview:-1"},"canonical":"https:\/\/delphintravel.be\/ro\/a-propos-de-nous\/","og_locale":"ro_RO","og_type":"article","og_title":"\u00c0 propos de nous - delphintravel.be","og_description":"D\u00e9couvrez DelphinTravel, un blog d\u00e9di\u00e9 \u00e0 la mode et aux tendances. Articles exclusifs sur v\u00eatements, style et inspirations du moment.","og_url":"https:\/\/delphintravel.be\/ro\/a-propos-de-nous\/","og_site_name":"delphintravel.be","article_modified_time":"2025-02-06T13:54:05+00:00","og_image":[{"url":"https:\/\/delphintravel.be\/wp-content\/uploads\/2025\/02\/happy-wife-after-shopping.jpg"}],"twitter_card":"summary_large_image","twitter_misc":{"Timp estimat pentru citire":"2 minute"},"schema":{"@context":"https:\/\/schema.org","@graph":[{"@type":"WebPage","@id":"https:\/\/delphintravel.be\/a-propos-de-nous\/","url":"https:\/\/delphintravel.be\/a-propos-de-nous\/","name":"\u00c0 propos de nous - delphintravel.be","isPartOf":{"@id":"https:\/\/delphintravel.be\/#website"},"primaryImageOfPage":{"@id":"https:\/\/delphintravel.be\/a-propos-de-nous\/#primaryimage"},"image":{"@id":"https:\/\/delphintravel.be\/a-propos-de-nous\/#primaryimage"},"thumbnailUrl":"https:\/\/delphintravel.be\/wp-content\/uploads\/2025\/02\/happy-wife-after-shopping.jpg","datePublished":"2025-02-06T09:31:26+00:00","dateModified":"2025-02-06T13:54:05+00:00","description":"D\u00e9couvrez DelphinTravel, un blog d\u00e9di\u00e9 \u00e0 la mode et aux tendances. Articles exclusifs sur v\u00eatements, style et inspirations du moment.","breadcrumb":{"@id":"https:\/\/delphintravel.be\/a-propos-de-nous\/#breadcrumb"},"inLanguage":"ro-RO","potentialAction":[{"@type":"ReadAction","target":["https:\/\/delphintravel.be\/a-propos-de-nous\/"]}]},{"@type":"ImageObject","inLanguage":"ro-RO","@id":"https:\/\/delphintravel.be\/a-propos-de-nous\/#primaryimage","url":"https:\/\/delphintravel.be\/wp-content\/uploads\/2025\/02\/happy-wife-after-shopping.jpg","contentUrl":"https:\/\/delphintravel.be\/wp-content\/uploads\/2025\/02\/happy-wife-after-shopping.jpg"},{"@type":"BreadcrumbList","@id":"https:\/\/delphintravel.be\/a-propos-de-nous\/#breadcrumb","itemListElement":[{"@type":"ListItem","position":1,"name":"Home","item":"https:\/\/delphintravel.be\/"},{"@type":"ListItem","position":2,"name":"\u00c0 propos de nous"}]},{"@type":"WebSite","@id":"https:\/\/delphintravel.be\/#website","url":"https:\/\/delphintravel.be\/","name":"delphintravel.be","description":"L&#039;Essentiel de la Mode | Restez \u00e9l\u00e9gants gr\u00e2ce \u00e0 nos conseils","potentialAction":[{"@type":"SearchAction","target":{"@type":"EntryPoint","urlTemplate":"https:\/\/delphintravel.be\/?s={search_term_string}"},"query-input":"required name=search_term_string"}],"inLanguage":"ro-RO"}]}},"yoast_meta":{"yoast_wpseo_title":"","yoast_wpseo_metadesc":"","yoast_wpseo_canonical":"https:\/\/delphintravel.be\/ro\/wp-json\/wp\/v2\/pages\/36"},"_links":{"self":[{"href":"https:\/\/delphintravel.be\/ro\/wp-json\/wp\/v2\/pages\/36","targetHints":{"allow":["GET"]}}],"collection":[{"href":"https:\/\/delphintravel.be\/ro\/wp-json\/wp\/v2\/pages"}],"about":[{"href":"https:\/\/delphintravel.be\/ro\/wp-json\/wp\/v2\/types\/page"}],"author":[{"embeddable":true,"href":"https:\/\/delphintravel.be\/ro\/wp-json\/wp\/v2\/users\/1"}],"replies":[{"embeddable":true,"href":"https:\/\/delphintravel.be\/ro\/wp-json\/wp\/v2\/comments?post=36"}],"version-history":[{"count":1,"href":"https:\/\/delphintravel.be\/ro\/wp-json\/wp\/v2\/pages\/36\/revisions"}],"predecessor-version":[{"id":43,"href":"https:\/\/delphintravel.be\/ro\/wp-json\/wp\/v2\/pages\/36\/revisions\/43"}],"wp:attachment":[{"href":"https:\/\/delphintravel.be\/ro\/wp-json\/wp\/v2\/media?parent=36"}],"curies":[{"name":"wp","href":"https:\/\/api.w.org\/{rel}","templated":true}]}}